{"id":225,"date":"2017-12-08T20:13:52","date_gmt":"2017-12-08T20:13:52","guid":{"rendered":"https:\/\/bestofklassehoerl.de\/?page_id=225"},"modified":"2017-12-08T21:19:13","modified_gmt":"2017-12-08T21:19:13","slug":"kontakt","status":"publish","type":"page","link":"http:\/\/bestofklassehoerl.de\/?page_id=225","title":{"rendered":"Kontakt"},"content":{"rendered":"<p>Akademie der bildenden K\u00fcnste<\/p>\n<p>Klasse Prof. Ottmar H\u00f6rl<\/p>\n<p>Joanna Maxellon<br \/>\nBingstr. 60<br \/>\n90480 N\u00fcrnberg<\/p>\n<p>Telefon: 0911 94040<br \/>\nFax: 0911 9404150<br \/>\nE-Mail: jmaxellon@yahoo.de<\/p>\n","protected":false},"excerpt":{"rendered":"<p>Akademie der bildenden K\u00fcnste Klasse Prof. Ottmar H\u00f6rl Joanna Maxellon Bingstr. 60 90480 N\u00fcrnberg Telefon: 0911 94040 Fax: 0911 9404150 E-Mail: jmaxellon@yahoo.de<\/p>\n","protected":false},"author":1,"featured_media":0,"parent":0,"menu_order":0,"comment_status":"closed","ping_status":"closed","template":"","meta":[],"_links":{"self":[{"href":"https:\/\/bestofklassehoerl.de\/index.php?rest_route=\/wp\/v2\/pages\/225"}],"collection":[{"href":"https:\/\/bestofklassehoerl.de\/index.php?rest_route=\/wp\/v2\/pages"}],"about":[{"href":"https:\/\/bestofklassehoerl.de\/index.php?rest_route=\/wp\/v2\/types\/page"}],"author":[{"embeddable":true,"href":"https:\/\/bestofklassehoerl.de\/index.php?rest_route=\/wp\/v2\/users\/1"}],"replies":[{"embeddable":true,"href":"https:\/\/bestofklassehoerl.de\/index.php?rest_route=%2Fwp%2Fv2%2Fcomments&post=225"}],"version-history":[{"count":4,"href":"https:\/\/bestofklassehoerl.de\/index.php?rest_route=\/wp\/v2\/pages\/225\/revisions"}],"predecessor-version":[{"id":274,"href":"https:\/\/bestofklassehoerl.de\/index.php?rest_route=\/wp\/v2\/pages\/225\/revisions\/274"}],"wp:attachment":[{"href":"https:\/\/bestofklassehoerl.de\/index.php?rest_route=%2Fwp%2Fv2%2Fmedia&parent=225"}],"curies":[{"name":"wp","href":"https:\/\/api.w.org\/{rel}","templated":true}]}}